{"id":1007,"date":"2025-07-29T09:32:23","date_gmt":"2025-07-29T07:32:23","guid":{"rendered":"https:\/\/xarxahistoria.framegirona2.dev\/?page_id=1007"},"modified":"2025-10-08T12:22:06","modified_gmt":"2025-10-08T10:22:06","slug":"politica-de-cookies","status":"publish","type":"page","link":"https:\/\/xarxahistoria.cat\/es\/politica-de-cookies\/","title":{"rendered":"Pol\u00edtica de cookies"},"content":{"rendered":"<div data-elementor-type=\"wp-page\" data-elementor-id=\"1007\" class=\"elementor elementor-1007\" data-elementor-post-type=\"page\">\n\t\t\t\t<div class=\"elementor-element elementor-element-625c8ad e-flex e-con-boxed e-con e-parent\" data-id=\"625c8ad\" data-element_type=\"container\">\n\t\t\t\t\t<div class=\"e-con-inner\">\n\t\t\t\t<div class=\"elementor-element elementor-element-393e876 elementor-widget elementor-widget-heading\" data-id=\"393e876\" data-element_type=\"widget\" data-widget_type=\"heading.default\">\n\t\t\t\t<div class=\"elementor-widget-container\">\n\t\t\t\t\t<h1 class=\"elementor-heading-title elementor-size-default\">Pol\u00edtica de cookies<\/h1>\t\t\t\t<\/div>\n\t\t\t\t<\/div>\n\t\t\t\t\t<\/div>\n\t\t\t\t<\/div>\n\t\t<div class=\"elementor-element elementor-element-6fb6c4b e-flex e-con-boxed e-con e-parent\" data-id=\"6fb6c4b\" data-element_type=\"container\">\n\t\t\t\t\t<div class=\"e-con-inner\">\n\t\t\t\t<div class=\"elementor-element elementor-element-53fafa6 elementor-widget elementor-widget-text-editor\" data-id=\"53fafa6\" data-element_type=\"widget\" data-widget_type=\"text-editor.default\">\n\t\t\t\t<div class=\"elementor-widget-container\">\n\t\t\t\t\t\t\t\t\t<p><span style=\"font-weight: 400;\">Utilizamos cookies para ayudarte a navegar de manera eficiente y realizar determinadas funciones. A continuaci\u00f3n, encontrar\u00e1s informaci\u00f3n detallada sobre todas las cookies seg\u00fan cada categor\u00eda de consentimiento.<\/span><\/p><p><span style=\"font-weight: 400;\">Las cookies clasificadas como \u201cNecesarias\u201d se almacenan en tu navegador, ya que son esenciales para habilitar las funcionalidades b\u00e1sicas del sitio web.<\/span><\/p><p><span style=\"font-weight: 400;\">Tambi\u00e9n utilizamos cookies de terceros que nos ayudan a analizar c\u00f3mo utilizas este sitio web, almacenar tus preferencias y ofrecerte contenido y anuncios relevantes. Estas cookies solo se almacenar\u00e1n en tu navegador si contamos con tu consentimiento previo.<\/span><\/p><p><span style=\"font-weight: 400;\">Puedes optar por activar o desactivar algunas o todas estas cookies, aunque la desactivaci\u00f3n de algunas de ellas puede afectar a tu experiencia de navegaci\u00f3n.<\/span><\/p><p><b>Necesarias<\/b><\/p><p><span style=\"font-weight: 400;\">Las cookies necesarias son cruciales para las funciones b\u00e1sicas del sitio web y este no funcionar\u00e1 de la manera prevista sin ellas. Estas cookies no almacenan ning\u00fan dato de identificaci\u00f3n personal.<\/span><\/p><p><b>Funcionales<\/b><\/p><p><span style=\"font-weight: 400;\">Las cookies funcionales ayudan a realizar determinadas funcionalidades, como compartir el contenido del sitio web en plataformas de redes sociales, recopilar comentarios y otras funciones proporcionadas por terceros.<\/span><\/p><p><b>Anal\u00edticas<\/b><\/p><p><span style=\"font-weight: 400;\">Las cookies anal\u00edticas se utilizan para entender c\u00f3mo interact\u00faan los visitantes con el sitio web. Estas cookies ayudan a proporcionar informaci\u00f3n sobre m\u00e9tricas como el n\u00famero de visitantes, el porcentaje de rebote, la fuente de tr\u00e1fico, etc.<\/span><\/p><p><b>Rendimiento<\/b><\/p><p><span style=\"font-weight: 400;\">Las cookies de rendimiento se utilizan para comprender y analizar los indicadores clave del rendimiento del sitio web, lo que ayuda a ofrecer una mejor experiencia de usuario a los visitantes.<\/span><\/p><p><b>Publicitarias<\/b><\/p><p><span style=\"font-weight: 400;\">Las cookies publicitarias se utilizan para ofrecer a los visitantes anuncios personalizados en funci\u00f3n de las p\u00e1ginas que hayan visitado previamente y para analizar la eficacia de las campa\u00f1as publicitarias.<\/span><\/p><p><b>Otras cookies<\/b><\/p><p><span style=\"font-weight: 400;\">Otras cookies sin categor\u00eda son aquellas que est\u00e1n siendo analizadas y a\u00fan no se han clasificado en ninguna categor\u00eda.<\/span><\/p><p>\u00a0<\/p><p><b>Cookies del sitio web<\/b><\/p><p><span style=\"font-weight: 400;\">Estas son las cookies utilizadas en este sitio web: <\/span><\/p>\t\t\t\t\t\t\t\t<\/div>\n\t\t\t\t<\/div>\n\t\t\t\t<div class=\"elementor-element elementor-element-f5797ec elementor-widget elementor-widget-html\" data-id=\"f5797ec\" data-element_type=\"widget\" data-widget_type=\"html.default\">\n\t\t\t\t<div class=\"elementor-widget-container\">\n\t\t\t\t\t<div class= \"cky-audit-table-element\"><\/div>\t\t\t\t<\/div>\n\t\t\t\t<\/div>\n\t\t\t\t\t<\/div>\n\t\t\t\t<\/div>\n\t\t\t\t<\/div>","protected":false},"excerpt":{"rendered":"<p>Pol\u00edtica de cookies Utilitzem cookies per ajudar-te a navegar de manera eficient i realitzar determinades funcions. A continuaci\u00f3, trobar\u00e0s informaci\u00f3 detallada sobre totes les cookies segons cada categoria de consentiment. Les cookies que es classifiquen com a &#8220;Necess\u00e0ries&#8221; s&#8217;emmagatzemen al teu navegador, ja que s\u00f3n essencials per habilitar les funcionalitats b\u00e0siques del lloc. Tamb\u00e9 fem [&hellip;]<\/p>","protected":false},"author":1,"featured_media":0,"parent":0,"menu_order":0,"comment_status":"closed","ping_status":"closed","template":"","meta":{"_acf_changed":false,"footnotes":""},"class_list":["post-1007","page","type-page","status-publish","hentry"],"acf":[],"_links":{"self":[{"href":"https:\/\/xarxahistoria.cat\/es\/wp-json\/wp\/v2\/pages\/1007","targetHints":{"allow":["GET"]}}],"collection":[{"href":"https:\/\/xarxahistoria.cat\/es\/wp-json\/wp\/v2\/pages"}],"about":[{"href":"https:\/\/xarxahistoria.cat\/es\/wp-json\/wp\/v2\/types\/page"}],"author":[{"embeddable":true,"href":"https:\/\/xarxahistoria.cat\/es\/wp-json\/wp\/v2\/users\/1"}],"replies":[{"embeddable":true,"href":"https:\/\/xarxahistoria.cat\/es\/wp-json\/wp\/v2\/comments?post=1007"}],"version-history":[{"count":10,"href":"https:\/\/xarxahistoria.cat\/es\/wp-json\/wp\/v2\/pages\/1007\/revisions"}],"predecessor-version":[{"id":1198,"href":"https:\/\/xarxahistoria.cat\/es\/wp-json\/wp\/v2\/pages\/1007\/revisions\/1198"}],"wp:attachment":[{"href":"https:\/\/xarxahistoria.cat\/es\/wp-json\/wp\/v2\/media?parent=1007"}],"curies":[{"name":"wp","href":"https:\/\/api.w.org\/{rel}","templated":true}]}}